{"id":463,"date":"2022-07-14T19:49:39","date_gmt":"2022-07-14T18:49:39","guid":{"rendered":"https:\/\/eliospr.com\/?page_id=463"},"modified":"2022-07-14T20:21:17","modified_gmt":"2022-07-14T19:21:17","slug":"rimborso_reso","status":"publish","type":"page","link":"https:\/\/eliospr.com\/?page_id=463","title":{"rendered":"Politica di rimborso e reso"},"content":{"rendered":"\r\n\r\n\r\n<p><span style=\"font-size: 24px;\"><strong>Panoramica<\/strong><\/span><\/p>\r\n<p><strong><span style=\"font-size: 20px;\">La nostra politica di rimborso e restituzione dura 30 giorni. Se sono trascorsi 30 giorni dall&#8217;acquisto, non possiamo offrirti un rimborso completo o un cambio.<\/span><\/strong><\/p>\r\n<p><span style=\"color: #008000;\"><em><strong><span style=\"font-size: 20px;\">Per poter beneficiare di un reso, il tuo articolo deve essere inutilizzato e nelle stesse condizioni in cui lo hai ricevuto. Deve essere anche nella confezione originale.<\/span><\/strong><\/em><\/span><\/p>\r\n<p><strong><span style=\"font-size: 20px;\"><em>Diversi tipi di merce sono esenti dalla restituzione:<\/em> <\/span><\/strong><\/p>\r\n<p><strong><span style=\"font-size: 20px;\">&#8211; I beni deperibili come riviste non possono essere restituiti;<\/span><\/strong><\/p>\r\n<p><strong><span style=\"font-size: 20px;\">&#8211; Non accettiamo prodotti che siano articoli intimi o sanitari;<\/span><\/strong><\/p>\r\n<p><strong><span style=\"font-size: 20px;\">&#8211; Materiali pericolosi o liquidi o gas infiammabili;<\/span><\/strong><\/p>\r\n<p><strong><span style=\"font-size: 20px;\">&#8211; Articoli <\/span><\/strong><strong><span style=\"font-size: 20px;\">Carte regalo;<\/span><\/strong><\/p>\r\n<p>&#8211; <strong><span style=\"font-size: 20px;\">Prodotti software scaricabili;<\/span><\/strong><\/p>\r\n<p>&#8211; <strong><span style=\"font-size: 20px;\">Alcuni articoli per la salute e la cura della persona.<\/span><\/strong><\/p>\r\n<p><strong><span style=\"font-size: 20px;\">Per completare il tuo reso, abbiamo bisogno di una ricevuta o una prova d&#8217;acquisto.<\/span><\/strong><\/p>\r\n<p><strong><span style=\"font-size: 20px;\">Si prega di non rispedire l&#8217;acquisto al produttore.<\/span><\/strong><\/p>\r\n<p><em><strong><span style=\"font-size: 20px;\">Ci sono alcune situazioni in cui sono concessi solo rimborsi parziali:<\/span><\/strong><\/em><\/p>\r\n<p><strong><span style=\"font-size: 20px;\">&#8211; Con evidenti segni d&#8217;uso;<\/span><\/strong><\/p>\r\n<p>&#8211; <strong><span style=\"font-size: 20px;\">Che sono stati aperti;<\/span><\/strong><\/p>\r\n<p>&#8211; <strong><span style=\"font-size: 20px;\">Qualsiasi articolo non nelle sue condizioni originali, \u00e8 danneggiato o parti mancanti per motivi non dovuti a un nostro errore;<\/span><\/strong><\/p>\r\n<p>&#8211; <strong><span style=\"font-size: 20px;\">Qualsiasi articolo restituito dopo pi\u00f9 di 30 giorni dalla consegna.<\/span><\/strong><\/p>\r\n<p>&nbsp;<\/p>\r\n<p><span style=\"font-size: 24px;\"><strong>Rimborsi<\/strong><\/span><\/p>\r\n<p><strong><span style=\"font-size: 20px;\">Una volta ricevuto e controllato il tuo reso, ti invieremo un&#8217;e-mail per informarti che abbiamo ricevuto l&#8217;articolo restituito. Ti informeremo anche dell&#8217;approvazione o del rifiuto del tuo rimborso.<\/span><\/strong><\/p>\r\n<p><strong><span style=\"font-size: 20px;\">Se il reso \u00e8 approvato, il tuo rimborso verr\u00e0 elaborato e un credito verr\u00e0 automaticamente applicato alla tua carta di credito o al metodo di pagamento originale, entro 5 giorni.<\/span><\/strong><\/p>\r\n<p>&nbsp;<\/p>\r\n<p><span style=\"font-size: 24px;\"><strong>Rimborsi in ritardo o mancanti<\/strong><\/span><\/p>\r\n<p><strong><span style=\"font-size: 20px;\">Se non hai ancora ricevuto un rimborso, controlla di nuovo il tuo conto bancario.<\/span><\/strong><\/p>\r\n<p><strong><span style=\"font-size: 20px;\">Quindi contatta la societ\u00e0 che ha emesso la carta di credito, potrebbe volerci del tempo prima che il rimborso venga ufficialmente pubblicato.<\/span><\/strong><\/p>\r\n<p><strong><span style=\"font-size: 20px;\">Quindi contatta la tua banca. Spesso c&#8217;\u00e8 del tempo di elaborazione prima che venga pubblicato un rimborso.<\/span><\/strong><\/p>\r\n<p><strong><span style=\"font-size: 20px;\">Se hai fatto tutto questo e non hai ancora ricevuto il rimborso, contattaci all&#8217;indirizzo {posta@eliospr.com}.<\/span><\/strong><\/p>\r\n<p>&nbsp;<\/p>\r\n<p><span style=\"font-size: 24px;\"><strong>Articoli in saldo<\/strong><\/span><\/p>\r\n<p><strong><span style=\"font-size: 20px;\">Solo gli articoli a prezzo normale possono essere rimborsati. Gli articoli in vendita non possono essere rimborsati.<\/span><\/strong><\/p>\r\n<p>&nbsp;<\/p>\r\n<p><span style=\"font-size: 24px;\"><strong>Scambi<\/strong><\/span><\/p>\r\n<p><strong><span style=\"font-size: 20px;\">Sostituiamo gli articoli solo se difettosi o danneggiati. Se devi cambiarlo con lo stesso articolo, inviaci un&#8217;e-mail all&#8217;indirizzo <\/span><\/strong><\/p>\r\n<p><strong><span style=\"font-size: 20px;\">{posta@eliospr.com} e invia il tuo articolo a: {indirizzo di spedizione}.<\/span><\/strong><\/p>\r\n<p>&nbsp;<\/p>\r\n<p><span style=\"font-size: 24px;\"><strong>I regali<\/strong><\/span><\/p>\r\n<p><strong><span style=\"font-size: 20px;\">Se l&#8217;articolo \u00e8 stato contrassegnato come regalo quando \u00e8 stato acquistato e spedito direttamente a te, riceverai un credito regalo per il valore del tuo reso. Una volta ricevuto l&#8217;articolo restituito, ti verr\u00e0 inviato un buono regalo.<\/span><\/strong><\/p>\r\n<p><strong><span style=\"font-size: 20px;\">Se l&#8217;articolo non \u00e8 stato contrassegnato come regalo al momento dell&#8217;acquisto, o il donatore ha avuto l&#8217;ordine spedito a se stesso per regalarlo a te in seguito, invieremo un rimborso al donatore e scoprir\u00e0 il tuo reso.<\/span><\/strong><\/p>\r\n<p>&nbsp;<\/p>\r\n<p><span style=\"font-size: 24px;\"><strong>Spedizione e resi<\/strong><\/span><\/p>\r\n<p><strong><span style=\"font-size: 20px;\">\r\n\r\n<\/span><\/strong><\/p>\r\n<p><strong><span style=\"font-size: 20px;\">Per restituire il prodotto, \u00e8 necessario inviare il prodotto a: {indirizzo di spedizione}.<\/span><\/strong><\/p>\r\n<p><strong><span style=\"font-size: 20px;\">Sarai responsabile del pagamento delle tue spese di spedizione per la restituzione del tuo articolo. Le spese di spedizione non sono rimborsabili. Se ricevi un rimborso, il costo della spedizione di ritorno verr\u00e0 detratto dal rimborso.<\/span><\/strong><\/p>\r\n<p><strong><span style=\"font-size: 20px;\">A seconda di dove vivi, il tempo necessario affinch\u00e9 il prodotto sostituito ti raggiunga pu\u00f2 variare.<\/span><\/strong><\/p>\r\n<p><strong><span style=\"font-size: 20px;\">Se stai restituendo articoli pi\u00f9 costosi, potresti prendere in considerazione l&#8217;utilizzo di un servizio di spedizione tracciabile o l&#8217;acquisto di un&#8217;assicurazione sulla spedizione. Non garantiamo che riceveremo l&#8217;articolo restituito.<\/span><\/strong><\/p>\r\n<p><span style=\"font-size: 24px;\"><strong>Ho bisogno di aiuto?<\/strong><\/span><\/p>\r\n<p><strong><span style=\"font-size: 20px;\">\r\n\r\n\r\n\r\n<\/span><\/strong><\/p>\r\n<p><strong><span style=\"font-size: 20px;\">Conttataci alla {posta@eliospr.com} per le questioni relative rimborsi e resi.<\/span><\/strong><\/p>\r\n","protected":false},"excerpt":{"rendered":"<p>Panoramica La nostra politica di rimborso e restituzione dura 30 giorni. Se sono trascorsi 30 giorni dall&#8217;acquisto, non possiamo offrirti&hellip;<\/p>\n","protected":false},"author":1,"featured_media":0,"parent":0,"menu_order":0,"comment_status":"closed","ping_status":"closed","template":"","meta":{"footnotes":""},"class_list":["post-463","page","type-page","status-publish","hentry"],"jetpack-related-posts":[{"id":4,"url":"https:\/\/eliospr.com\/","url_meta":{"origin":463,"position":0},"title":"Grazie per essere entrati in Elios Shop &#8211; https:\/\/eliospr.com","author":"User_elios_001","date":"22\/02\/2021","format":false,"excerpt":"\u00a0 \u00a0 Materiale per Belle Arti,\u00a0 Cancelleria,\u00a0 Tutto Ufficio, Timbri, Mooney Pay,\u00a0 Stampa Cards,\u00a0 Stampa oro Tesi, Software di backup. Attivazione P.E.C., Firma Digitale, CNS, Firma Remota, OTP, Firma Grafometrica, Modulo Fattura per P.A. & Privati, Nodo Smistamento Ordini, Marcatura Temporale, Archiviazione a Norma Documenti, Spazio Web condiviso, Software, S.P.I.D.\u2026","rel":"","context":"Articolo simile","block_context":{"text":"Articolo simile","link":""},"img":{"alt_text":"Un Mondo di Servizi","src":"https:\/\/eliospr.com\/wp-content\/uploads\/2021\/02\/cropped-Fotolia_107419345_XS-e1624705672396.jpg","width":350,"height":200},"classes":[]},{"id":2,"url":"https:\/\/eliospr.com\/?page_id=2","url_meta":{"origin":463,"position":1},"title":"Condizioni e Privacy","author":"User_elios_001","date":"22\/02\/2021","format":false,"excerpt":"CONDIZIONI D'USO SITO I servizi ed i prodotti pubblicizzati e venduti sono coperti da garanzia per tutta la durata. Al momento dell'acquisto si pagher\u00e0 l'importo calcolato a video per il servizio richiesto, dopo aver compilato il modulo d'ordine predisposto. Prima di lavorare o di preparare una offerta ad hoc, eventualmente\u2026","rel":"","context":"Articolo simile","block_context":{"text":"Articolo simile","link":""},"img":{"alt_text":"","src":"","width":0,"height":0},"classes":[]}],"jetpack_likes_enabled":true,"jetpack_sharing_enabled":true,"_links":{"self":[{"href":"https:\/\/eliospr.com\/index.php?rest_route=\/wp\/v2\/pages\/463","targetHints":{"allow":["GET"]}}],"collection":[{"href":"https:\/\/eliospr.com\/index.php?rest_route=\/wp\/v2\/pages"}],"about":[{"href":"https:\/\/eliospr.com\/index.php?rest_route=\/wp\/v2\/types\/page"}],"author":[{"embeddable":true,"href":"https:\/\/eliospr.com\/index.php?rest_route=\/wp\/v2\/users\/1"}],"replies":[{"embeddable":true,"href":"https:\/\/eliospr.com\/index.php?rest_route=%2Fwp%2Fv2%2Fcomments&post=463"}],"version-history":[{"count":0,"href":"https:\/\/eliospr.com\/index.php?rest_route=\/wp\/v2\/pages\/463\/revisions"}],"wp:attachment":[{"href":"https:\/\/eliospr.com\/index.php?rest_route=%2Fwp%2Fv2%2Fmedia&parent=463"}],"curies":[{"name":"wp","href":"https:\/\/api.w.org\/{rel}","templated":true}]}}