{"id":418,"date":"2021-06-07T15:21:45","date_gmt":"2021-06-07T14:21:45","guid":{"rendered":"https:\/\/eliospr.com\/?page_id=418"},"modified":"2024-01-05T21:20:30","modified_gmt":"2024-01-05T22:20:30","slug":"who-is-elios","status":"publish","type":"page","link":"https:\/\/eliospr.com\/?page_id=418","title":{"rendered":"Who is Elios"},"content":{"rendered":"<p><span style=\"font-size: 20px;\"><strong>La Elios di Riccio Pasquale \u00e9 una Azienda fondata il 24 ottobre del 1991; nata come attivit\u00e0 di grafica e vendita di strumentazione tecnica topografica. Negli anni si \u00e8 adattata ai cambiamenti del mercato diventando fornitore di materiale per ufficio e servizi digitali.<\/strong><\/span><\/p>\n<p><span style=\"font-size: 20px;\"><strong>E&#8217; impegnata nella sicurezza informatica ed in particolare nel settore di firma elettronica qualificata\u00a0 e sicurezza dati.<\/strong><\/span><\/p>\n<p><span style=\"font-size: 20px;\"><strong>E&#8217; Rivenditore di Software di Fatturazione, S. Antivirus e S. Gestione Accessi.<\/strong><\/span><\/p>\n<p><span style=\"font-size: 20px;\"><strong>E&#8217; Rivenditore di servizi Hosting Ionos, DropBox, Acronis. <\/strong><\/span><\/p>\n<p><span style=\"font-size: 20px;\"><strong>E&#8217; Rivenditore Mooney Pay.<\/strong><\/span><\/p>\n<p><span style=\"font-size: 20px;\"><strong>E&#8217; Rivenditore Certificato Aruba Pec &#8211; CDRL\u00a0 &#8211; ODR\/IR n. 608 &#8211; Partner n. R2149<br \/>\n<\/strong><\/span><\/p>\n<p><span style=\"font-size: 20px;\"><strong>E&#8217; Rivenditore Certificato Namirial &#8211; LAO n. 1603 \/ RAO n. 1947 <\/strong><\/span><\/p>\n<p><span style=\"font-size: 20px;\"><strong>E&#8217; Abilitato al Software di riconoscimento a distanza: il\u00a0 De ViSu on line per FEQ<br \/>\n<\/strong><\/span><\/p>\n<p><span style=\"font-size: 20px;\"><strong>E&#8217; Iscritto al MePA per servizi di sicurezza informatica.<\/strong><\/span><\/p>\n","protected":false},"excerpt":{"rendered":"<p>La Elios di Riccio Pasquale \u00e9 una Azienda fondata il 24 ottobre del 1991; nata come attivit\u00e0 di grafica e&hellip;<\/p>\n","protected":false},"author":1,"featured_media":0,"parent":0,"menu_order":0,"comment_status":"closed","ping_status":"closed","template":"","meta":{"footnotes":""},"class_list":["post-418","page","type-page","status-publish","hentry"],"jetpack-related-posts":[{"id":2,"url":"https:\/\/eliospr.com\/?page_id=2","url_meta":{"origin":418,"position":0},"title":"Condizioni e Privacy","author":"User_elios_001","date":"22\/02\/2021","format":false,"excerpt":"CONDIZIONI D'USO SITO I servizi ed i prodotti pubblicizzati e venduti sono coperti da garanzia per tutta la durata. Al momento dell'acquisto si pagher\u00e0 l'importo calcolato a video per il servizio richiesto, dopo aver compilato il modulo d'ordine predisposto. Prima di lavorare o di preparare una offerta ad hoc, eventualmente\u2026","rel":"","context":"Articolo simile","block_context":{"text":"Articolo simile","link":""},"img":{"alt_text":"","src":"","width":0,"height":0},"classes":[]},{"id":4,"url":"https:\/\/eliospr.com\/","url_meta":{"origin":418,"position":1},"title":"Grazie per essere entrati in Elios Shop &#8211; https:\/\/eliospr.com","author":"User_elios_001","date":"22\/02\/2021","format":false,"excerpt":"\u00a0 \u00a0 Materiale per Belle Arti,\u00a0 Cancelleria,\u00a0 Tutto Ufficio, Timbri, Mooney Pay,\u00a0 Stampa Cards,\u00a0 Stampa oro Tesi, Software di backup. Attivazione P.E.C., Firma Digitale, CNS, Firma Remota, OTP, Firma Grafometrica, Modulo Fattura per P.A. & Privati, Nodo Smistamento Ordini, Marcatura Temporale, Archiviazione a Norma Documenti, Spazio Web condiviso, Software, S.P.I.D.\u2026","rel":"","context":"Articolo simile","block_context":{"text":"Articolo simile","link":""},"img":{"alt_text":"Un Mondo di Servizi","src":"https:\/\/eliospr.com\/wp-content\/uploads\/2021\/02\/cropped-Fotolia_107419345_XS-e1624705672396.jpg","width":350,"height":200},"classes":[]},{"id":463,"url":"https:\/\/eliospr.com\/?page_id=463","url_meta":{"origin":418,"position":2},"title":"Politica di rimborso e reso","author":"User_elios_001","date":"14\/07\/2022","format":false,"excerpt":"Panoramica La nostra politica di rimborso e restituzione dura 30 giorni. Se sono trascorsi 30 giorni dall'acquisto, non possiamo offrirti un rimborso completo o un cambio. Per poter beneficiare di un reso, il tuo articolo deve essere inutilizzato e nelle stesse condizioni in cui lo hai ricevuto. Deve essere anche\u2026","rel":"","context":"Articolo simile","block_context":{"text":"Articolo simile","link":""},"img":{"alt_text":"","src":"","width":0,"height":0},"classes":[]}],"jetpack_likes_enabled":true,"jetpack_sharing_enabled":true,"_links":{"self":[{"href":"https:\/\/eliospr.com\/index.php?rest_route=\/wp\/v2\/pages\/418","targetHints":{"allow":["GET"]}}],"collection":[{"href":"https:\/\/eliospr.com\/index.php?rest_route=\/wp\/v2\/pages"}],"about":[{"href":"https:\/\/eliospr.com\/index.php?rest_route=\/wp\/v2\/types\/page"}],"author":[{"embeddable":true,"href":"https:\/\/eliospr.com\/index.php?rest_route=\/wp\/v2\/users\/1"}],"replies":[{"embeddable":true,"href":"https:\/\/eliospr.com\/index.php?rest_route=%2Fwp%2Fv2%2Fcomments&post=418"}],"version-history":[{"count":0,"href":"https:\/\/eliospr.com\/index.php?rest_route=\/wp\/v2\/pages\/418\/revisions"}],"wp:attachment":[{"href":"https:\/\/eliospr.com\/index.php?rest_route=%2Fwp%2Fv2%2Fmedia&parent=418"}],"curies":[{"name":"wp","href":"https:\/\/api.w.org\/{rel}","templated":true}]}}