{"id":4,"date":"2021-02-22T19:38:18","date_gmt":"2021-02-22T19:38:18","guid":{"rendered":"https:\/\/cartoleriaeservizitele.live-website.com\/benvenuti-a-https-cartoleriaeservizitele-live-website-com"},"modified":"2024-01-07T16:13:37","modified_gmt":"2024-01-07T17:13:37","slug":"cartoleria-servizi","status":"publish","type":"page","link":"https:\/\/eliospr.com\/","title":{"rendered":"Grazie per essere entrati in Elios Shop &#8211; https:\/\/eliospr.com"},"content":{"rendered":"<p>&nbsp;<\/p>\r\n<p><span style=\"color: #003366;\"><\/span><\/p>\r\n<p>&nbsp;<\/p>\r\n<p><span style=\"color: #003366;\"><\/span><\/p>\r\n<p style=\"font-size: 18px;\"><span style=\"font-size: 20px; color: #000000;\"><strong>Materiale per Belle Arti,\u00a0 Cancelleria,\u00a0 Tutto Ufficio, Timbri, Mooney Pay,\u00a0 Stampa Cards,\u00a0 Stampa oro Tesi, Software di backup.<\/strong><\/span><\/p>\r\n<p style=\"font-size: 18px;\"><span style=\"color: #000000;\"><span style=\"font-size: 20px;\"><strong>Attivazione P.E.C., Firma Digitale, CNS, Firma Remota, OTP, Firma Grafometrica, Modulo Fattura per P.A. &amp; Privati, Nodo Smistamento Ordini, Marcatura Temporale, Archiviazione a Norma Documenti, Spazio Web condiviso, Software, S.P.I.D.<\/strong> ,<strong> Sistema<\/strong><\/span><span style=\"font-size: 20px;\"><strong> De Visu On Line per Firma Digitale.<\/strong><\/span><\/span><\/p>\r\n<p style=\"font-size: 18px;\"><span style=\"color: #000000;\"><span style=\"font-size: 20px;\"><strong>La <\/strong><\/span><span style=\"font-size: 20px;\"><strong>Elios di P.R. \u00e8 stata fondata nel 1991, \u00e8 dedita alla fornitura di Cancelleria e Servizi Digitali, una fusione tra classico e moderno, in costante evoluzione.<\/strong><\/span><\/span><\/p>\r\n<p style=\"font-size: 18px;\"><span style=\"font-size: 20px; color: #000000;\"><strong>La nostra Filosofia, che ci ha distinti in oltre 30 anni di attivit\u00e0, \u00e8: Qualit\u00e0, Rapidit\u00e0 e Professionalit\u00e0, un trinomio inscindibile; questa unita tutti Voi, che ci avete dato fiduca, hanno consentito la nostra costante ascesa.<\/strong><\/span><\/p>\r\n<p style=\"font-size: 18px;\"><span style=\"font-size: 20px; color: #000000;\"><strong>Il nostro consiglio \u00e8 un proverbio cinese che recita: &#8220;&#8230; Perch\u00e8 cerchi lontano da casa quello che trovi sotto casa &#8230;&#8221; Meditate!<\/strong><\/span><\/p>\r\n<p style=\"font-size: 18px;\"><span style=\"color: #003366;\"><strong><\/strong><\/span><\/p>\r\n<p>&nbsp;<\/p>\r\n<p>&nbsp;<\/p>\r\n<p><img loading=\"lazy\" decoding=\"async\" class=\"alignnone\" src=\"https:\/\/images-1.partnerportal.ionos.it\/items\/607926b4-c134-470c-976f-d447630e03fc\/profiles\/5340624c-7401-4eba-a6a0-f4f89843afd5\/badges\/normal_blue_eco\" alt=\"IONOS - Partner ufficiale\" width=\"126\" height=\"92\" \/> \u00a0<img loading=\"lazy\" decoding=\"async\" data-attachment-id=\"450\" data-permalink=\"https:\/\/eliospr.com\/?attachment_id=450\" data-orig-file=\"https:\/\/eliospr.com\/wp-content\/uploads\/2021\/06\/Logo-Namirial-left-pos.jpg\" data-orig-size=\"2093,632\" data-comments-opened=\"0\" data-image-meta=\"{&quot;aperture&quot;:&quot;0&quot;,&quot;credit&quot;:&quot;&quot;,&quot;camera&quot;:&quot;&quot;,&quot;caption&quot;:&quot;&quot;,&quot;created_timestamp&quot;:&quot;0&quot;,&quot;copyright&quot;:&quot;&quot;,&quot;focal_length&quot;:&quot;0&quot;,&quot;iso&quot;:&quot;0&quot;,&quot;shutter_speed&quot;:&quot;0&quot;,&quot;title&quot;:&quot;&quot;,&quot;orientation&quot;:&quot;0&quot;}\" data-image-title=\"Logo-Namirial-left-pos\" data-image-description=\"\" data-image-caption=\"\" data-large-file=\"https:\/\/eliospr.com\/wp-content\/uploads\/2021\/06\/Logo-Namirial-left-pos.jpg\" class=\"alignnone  wp-image-450\" src=\"https:\/\/eliospr.com\/wp-content\/uploads\/2021\/06\/Logo-Namirial-left-pos-300x91.jpg\" alt=\"\" width=\"363\" height=\"110\" srcset=\"https:\/\/eliospr.com\/wp-content\/uploads\/2021\/06\/Logo-Namirial-left-pos.jpg 300w, https:\/\/eliospr.com\/wp-content\/uploads\/2021\/06\/Logo-Namirial-left-pos.jpg 600w, https:\/\/eliospr.com\/wp-content\/uploads\/2021\/06\/Logo-Namirial-left-pos.jpg 768w, https:\/\/eliospr.com\/wp-content\/uploads\/2021\/06\/Logo-Namirial-left-pos.jpg 1536w, https:\/\/eliospr.com\/wp-content\/uploads\/2021\/06\/Logo-Namirial-left-pos.jpg 2048w, https:\/\/eliospr.com\/wp-content\/uploads\/2021\/06\/Logo-Namirial-left-pos.jpg 190w, https:\/\/eliospr.com\/wp-content\/uploads\/2021\/06\/Logo-Namirial-left-pos.jpg 298w, https:\/\/eliospr.com\/wp-content\/uploads\/2021\/06\/Logo-Namirial-left-pos.jpg 1050w\" sizes=\"auto, (max-width: 363px) 100vw, 363px\" \/>\u00a0\u00a0\u00a0\u00a0 <img loading=\"lazy\" decoding=\"async\" data-attachment-id=\"423\" data-permalink=\"https:\/\/eliospr.com\/?attachment_id=423\" data-orig-file=\"https:\/\/eliospr.com\/wp-content\/uploads\/2021\/06\/drop_2.jpg\" data-orig-size=\"1605,1162\" data-comments-opened=\"0\" data-image-meta=\"{&quot;aperture&quot;:&quot;0&quot;,&quot;credit&quot;:&quot;pasquale riccio&quot;,&quot;camera&quot;:&quot;&quot;,&quot;caption&quot;:&quot;&quot;,&quot;created_timestamp&quot;:&quot;1623104983&quot;,&quot;copyright&quot;:&quot;&quot;,&quot;focal_length&quot;:&quot;0&quot;,&quot;iso&quot;:&quot;0&quot;,&quot;shutter_speed&quot;:&quot;0&quot;,&quot;title&quot;:&quot;&quot;,&quot;orientation&quot;:&quot;0&quot;}\" data-image-title=\"drop_2\" data-image-description=\"\" data-image-caption=\"\" data-large-file=\"https:\/\/eliospr.com\/wp-content\/uploads\/2021\/06\/drop_2.jpg\" class=\"alignnone wp-image-423\" src=\"https:\/\/eliospr.com\/wp-content\/uploads\/2021\/06\/drop_2-300x217.jpg\" alt=\"\" width=\"160\" height=\"116\" srcset=\"https:\/\/eliospr.com\/wp-content\/uploads\/2021\/06\/drop_2.jpg 300w, https:\/\/eliospr.com\/wp-content\/uploads\/2021\/06\/drop_2.jpg 600w, https:\/\/eliospr.com\/wp-content\/uploads\/2021\/06\/drop_2.jpg 768w, https:\/\/eliospr.com\/wp-content\/uploads\/2021\/06\/drop_2.jpg 1536w, https:\/\/eliospr.com\/wp-content\/uploads\/2021\/06\/drop_2.jpg 83w, https:\/\/eliospr.com\/wp-content\/uploads\/2021\/06\/drop_2.jpg 124w, https:\/\/eliospr.com\/wp-content\/uploads\/2021\/06\/drop_2.jpg 1605w, https:\/\/eliospr.com\/wp-content\/uploads\/2021\/06\/drop_2.jpg 1050w\" sizes=\"auto, (max-width: 160px) 100vw, 160px\" \/><img loading=\"lazy\" decoding=\"async\" data-attachment-id=\"438\" data-permalink=\"https:\/\/eliospr.com\/?attachment_id=438\" data-orig-file=\"https:\/\/eliospr.com\/wp-content\/uploads\/2021\/06\/Aruba.jpg\" data-orig-size=\"396,127\" data-comments-opened=\"0\" data-image-meta=\"{&quot;aperture&quot;:&quot;0&quot;,&quot;credit&quot;:&quot;&quot;,&quot;camera&quot;:&quot;&quot;,&quot;caption&quot;:&quot;&quot;,&quot;created_timestamp&quot;:&quot;0&quot;,&quot;copyright&quot;:&quot;&quot;,&quot;focal_length&quot;:&quot;0&quot;,&quot;iso&quot;:&quot;0&quot;,&quot;shutter_speed&quot;:&quot;0&quot;,&quot;title&quot;:&quot;&quot;,&quot;orientation&quot;:&quot;0&quot;}\" data-image-title=\"Aruba\" data-image-description=\"\" data-image-caption=\"\" data-large-file=\"https:\/\/eliospr.com\/wp-content\/uploads\/2021\/06\/Aruba.jpg\" class=\"alignnone  wp-image-438\" src=\"https:\/\/eliospr.com\/wp-content\/uploads\/2021\/06\/Aruba-300x96.jpg\" alt=\"\" width=\"375\" height=\"120\" srcset=\"https:\/\/eliospr.com\/wp-content\/uploads\/2021\/06\/Aruba.jpg 300w, https:\/\/eliospr.com\/wp-content\/uploads\/2021\/06\/Aruba.jpg 187w, https:\/\/eliospr.com\/wp-content\/uploads\/2021\/06\/Aruba.jpg 281w, https:\/\/eliospr.com\/wp-content\/uploads\/2021\/06\/Aruba.jpg 396w\" sizes=\"auto, (max-width: 375px) 100vw, 375px\" \/><\/p>\r\n\r\n<figure><\/figure>\r\n<p>&nbsp;<\/p>","protected":false},"excerpt":{"rendered":"<p>&nbsp; &nbsp; Materiale per Belle Arti,\u00a0 Cancelleria,\u00a0 Tutto Ufficio, Timbri, Mooney Pay,\u00a0 Stampa Cards,\u00a0 Stampa oro Tesi, Software di backup.&hellip;<\/p>\n","protected":false},"author":1,"featured_media":17,"parent":0,"menu_order":0,"comment_status":"closed","ping_status":"open","template":"","meta":{"footnotes":""},"class_list":["post-4","page","type-page","status-publish","has-post-thumbnail","hentry"],"jetpack-related-posts":[{"id":418,"url":"https:\/\/eliospr.com\/?page_id=418","url_meta":{"origin":4,"position":0},"title":"Who is Elios","author":"User_elios_001","date":"07\/06\/2021","format":false,"excerpt":"La Elios di Riccio Pasquale \u00e9 una Azienda fondata il 24 ottobre del 1991; nata come attivit\u00e0 di grafica e vendita di strumentazione tecnica topografica. Negli anni si \u00e8 adattata ai cambiamenti del mercato diventando fornitore di materiale per ufficio e servizi digitali. E' impegnata nella sicurezza informatica ed in\u2026","rel":"","context":"Articolo simile","block_context":{"text":"Articolo simile","link":""},"img":{"alt_text":"","src":"","width":0,"height":0},"classes":[]},{"id":463,"url":"https:\/\/eliospr.com\/?page_id=463","url_meta":{"origin":4,"position":1},"title":"Politica di rimborso e reso","author":"User_elios_001","date":"14\/07\/2022","format":false,"excerpt":"Panoramica La nostra politica di rimborso e restituzione dura 30 giorni. Se sono trascorsi 30 giorni dall'acquisto, non possiamo offrirti un rimborso completo o un cambio. Per poter beneficiare di un reso, il tuo articolo deve essere inutilizzato e nelle stesse condizioni in cui lo hai ricevuto. Deve essere anche\u2026","rel":"","context":"Articolo simile","block_context":{"text":"Articolo simile","link":""},"img":{"alt_text":"","src":"","width":0,"height":0},"classes":[]}],"jetpack_likes_enabled":true,"jetpack_sharing_enabled":true,"_links":{"self":[{"href":"https:\/\/eliospr.com\/index.php?rest_route=\/wp\/v2\/pages\/4","targetHints":{"allow":["GET"]}}],"collection":[{"href":"https:\/\/eliospr.com\/index.php?rest_route=\/wp\/v2\/pages"}],"about":[{"href":"https:\/\/eliospr.com\/index.php?rest_route=\/wp\/v2\/types\/page"}],"author":[{"embeddable":true,"href":"https:\/\/eliospr.com\/index.php?rest_route=\/wp\/v2\/users\/1"}],"replies":[{"embeddable":true,"href":"https:\/\/eliospr.com\/index.php?rest_route=%2Fwp%2Fv2%2Fcomments&post=4"}],"version-history":[{"count":0,"href":"https:\/\/eliospr.com\/index.php?rest_route=\/wp\/v2\/pages\/4\/revisions"}],"wp:featuredmedia":[{"embeddable":true,"href":"https:\/\/eliospr.com\/index.php?rest_route=\/wp\/v2\/media\/17"}],"wp:attachment":[{"href":"https:\/\/eliospr.com\/index.php?rest_route=%2Fwp%2Fv2%2Fmedia&parent=4"}],"curies":[{"name":"wp","href":"https:\/\/api.w.org\/{rel}","templated":true}]}}