{"id":2,"date":"2021-02-22T19:32:26","date_gmt":"2021-02-22T18:32:26","guid":{"rendered":"https:\/\/cartoleriaeservizitele.live-website.com\/?page_id=2"},"modified":"2021-12-22T23:15:25","modified_gmt":"2021-12-22T22:15:25","slug":"condizioni","status":"publish","type":"page","link":"https:\/\/eliospr.com\/?page_id=2","title":{"rendered":"Condizioni e Privacy"},"content":{"rendered":"\r\n<p><span style=\"font-size: 20px;\"><strong>CONDIZIONI D&#8217;USO SITO<\/strong><\/span><\/p>\r\n<p><strong>I servizi ed i prodotti pubblicizzati e venduti sono coperti da garanzia per tutta la durata.<\/strong><\/p>\r\n<p><strong>Al momento dell&#8217;acquisto si pagher\u00e0 l&#8217;importo calcolato a video per il servizio richiesto, dopo aver compilato il modulo d&#8217;ordine predisposto.<\/strong><\/p>\r\n<p><strong>Prima di lavorare o di preparare una offerta ad hoc, eventualmente richiesta nell&#8217;ordine, sarai ricontattato; anche per chiarimenti e delucidazioni.<\/strong><\/p>\r\n<p><strong>In questa fase di valutazione, potrari recedere dal contratto e ti sar\u00e0 restituito l&#8217;intero importo versato.<\/strong><\/p>\r\n<p><strong>Mentre in fase conclusiva una volta accettato il preventivo e stabiliti i tempi di consegna, l&#8217;ordine sar\u00e0 definitivo e non sar\u00e0 pi\u00f9 possibile annullare.<\/strong><\/p>\r\n<p><strong>Una volta attivati i servizi, e in base alla durata del contratto &#8220;servizi virtuali&#8221; riceverai assistenza per l&#8217;intera vita contrattuale; l&#8217;assistenza sar\u00e0 differenziata in base al servizio ed in base alla difficolta di risoluzione e potr\u00e0 svolgersi sia telefonicamente, sia in teleasistenza e sia diretta.<\/strong><\/p>\r\n<p>&nbsp;<\/p>\r\n<p><span style=\"font-size: 20px;\"><strong>TIPOLOGIE DEI DATI RACCOLTI<\/strong><\/span><\/p>\r\n\r\n\r\n\r\n<p><strong>Fra i Dati Personali raccolti da questa Applicazione, in modo autonomo o tramite terze parti, ci sono: Cookie, Dati di Utilizzo, email, nome, cognome, numero di telefono e varie tipologie di Dati.<\/strong><\/p>\r\n<p><strong>\r\n\r\n<\/strong><\/p>\r\n<p><strong>Dettagli completi su ciascuna tipologia di dati raccolti sono forniti nelle sezioni dedicate di questa privacy policy o mediante specifici testi informativi visualizzati prima della raccolta dei dati stessi.<\/strong><\/p>\r\n<p><strong>\r\n\r\n<\/strong><\/p>\r\n<p><strong>I Dati Personali possono essere liberamente forniti dall\u2019Utente o, nel caso di Dati di Utilizzo, raccolti automaticamente durante l\u2019uso di questa Applicazione.<\/strong><\/p>\r\n<p><strong>\r\n\r\n<\/strong><\/p>\r\n<p><strong>Tutti i Dati richiesti da questa Applicazione sono obbligatori e, in mancanza del loro conferimento, potrebbe essere impossibile per questa Applicazione fornire il servizio. Nei casi in cui questa Applicazione indichi alcuni Dati come facoltativi, gli Utenti sono liberi di astenersi dal comunicare tali Dati, senza che ci\u00f2 abbia alcuna conseguenza sulla disponibilit\u00e0 del servizio o sulla sua operativit\u00e0.<\/strong><\/p>\r\n\r\n\r\n\r\n<p id=\"users-rights\"><strong><br \/><span style=\"font-size: 20px;\">I DIRITTI DELL&#8217;UTENTE<\/span><\/strong><\/p>\r\n\r\n\r\n\r\n<p><strong>L\u2019interessato potr\u00e0 esercitare i diritti di cui agli artt. da 15 a 22 dei regolamento europeo 679\/16<\/strong><\/p>\r\n\r\n\r\n\r\n<p><span style=\"font-size: 20px;\"><strong>IL RESPONSABILE DEL TRATTAMENTO<\/strong><\/span><\/p>\r\n\r\n\r\n\r\n<p><strong>Elios di Riccio Pasquale via Cancella 13 Cap 80034 Marigliano Na &#8211; info@eliospr.com<\/strong><\/p>\r\n","protected":false},"excerpt":{"rendered":"<p>CONDIZIONI D&#8217;USO SITO I servizi ed i prodotti pubblicizzati e venduti sono coperti da garanzia per tutta la durata. Al&hellip;<\/p>\n","protected":false},"author":1,"featured_media":0,"parent":0,"menu_order":0,"comment_status":"closed","ping_status":"closed","template":"","meta":{"footnotes":""},"class_list":["post-2","page","type-page","status-publish","hentry"],"jetpack-related-posts":[{"id":4,"url":"https:\/\/eliospr.com\/","url_meta":{"origin":2,"position":0},"title":"Grazie per essere entrati in Elios Shop &#8211; https:\/\/eliospr.com","author":"User_elios_001","date":"22\/02\/2021","format":false,"excerpt":"\u00a0 \u00a0 Materiale per Belle Arti,\u00a0 Cancelleria,\u00a0 Tutto Ufficio, Timbri, Mooney Pay,\u00a0 Stampa Cards,\u00a0 Stampa oro Tesi, Software di backup. Attivazione P.E.C., Firma Digitale, CNS, Firma Remota, OTP, Firma Grafometrica, Modulo Fattura per P.A. & Privati, Nodo Smistamento Ordini, Marcatura Temporale, Archiviazione a Norma Documenti, Spazio Web condiviso, Software, S.P.I.D.\u2026","rel":"","context":"Articolo simile","block_context":{"text":"Articolo simile","link":""},"img":{"alt_text":"Un Mondo di Servizi","src":"https:\/\/eliospr.com\/wp-content\/uploads\/2021\/02\/cropped-Fotolia_107419345_XS-e1624705672396.jpg","width":350,"height":200},"classes":[]},{"id":463,"url":"https:\/\/eliospr.com\/?page_id=463","url_meta":{"origin":2,"position":1},"title":"Politica di rimborso e reso","author":"User_elios_001","date":"14\/07\/2022","format":false,"excerpt":"Panoramica La nostra politica di rimborso e restituzione dura 30 giorni. Se sono trascorsi 30 giorni dall'acquisto, non possiamo offrirti un rimborso completo o un cambio. Per poter beneficiare di un reso, il tuo articolo deve essere inutilizzato e nelle stesse condizioni in cui lo hai ricevuto. Deve essere anche\u2026","rel":"","context":"Articolo simile","block_context":{"text":"Articolo simile","link":""},"img":{"alt_text":"","src":"","width":0,"height":0},"classes":[]},{"id":418,"url":"https:\/\/eliospr.com\/?page_id=418","url_meta":{"origin":2,"position":2},"title":"Who is Elios","author":"User_elios_001","date":"07\/06\/2021","format":false,"excerpt":"La Elios di Riccio Pasquale \u00e9 una Azienda fondata il 24 ottobre del 1991; nata come attivit\u00e0 di grafica e vendita di strumentazione tecnica topografica. Negli anni si \u00e8 adattata ai cambiamenti del mercato diventando fornitore di materiale per ufficio e servizi digitali. E' impegnata nella sicurezza informatica ed in\u2026","rel":"","context":"Articolo simile","block_context":{"text":"Articolo simile","link":""},"img":{"alt_text":"","src":"","width":0,"height":0},"classes":[]}],"jetpack_likes_enabled":true,"jetpack_sharing_enabled":true,"_links":{"self":[{"href":"https:\/\/eliospr.com\/index.php?rest_route=\/wp\/v2\/pages\/2","targetHints":{"allow":["GET"]}}],"collection":[{"href":"https:\/\/eliospr.com\/index.php?rest_route=\/wp\/v2\/pages"}],"about":[{"href":"https:\/\/eliospr.com\/index.php?rest_route=\/wp\/v2\/types\/page"}],"author":[{"embeddable":true,"href":"https:\/\/eliospr.com\/index.php?rest_route=\/wp\/v2\/users\/1"}],"replies":[{"embeddable":true,"href":"https:\/\/eliospr.com\/index.php?rest_route=%2Fwp%2Fv2%2Fcomments&post=2"}],"version-history":[{"count":0,"href":"https:\/\/eliospr.com\/index.php?rest_route=\/wp\/v2\/pages\/2\/revisions"}],"wp:attachment":[{"href":"https:\/\/eliospr.com\/index.php?rest_route=%2Fwp%2Fv2%2Fmedia&parent=2"}],"curies":[{"name":"wp","href":"https:\/\/api.w.org\/{rel}","templated":true}]}}